{"id":29,"date":"2023-04-16T03:27:15","date_gmt":"2023-04-16T03:27:15","guid":{"rendered":"https:\/\/artefactonoticias.com\/?page_id=29"},"modified":"2023-04-16T03:27:36","modified_gmt":"2023-04-16T03:27:36","slug":"detenido-lider-religioso-acusado-de-abuso-sexual","status":"publish","type":"page","link":"https:\/\/artefactonoticias.com\/index.php\/detenido-lider-religioso-acusado-de-abuso-sexual\/","title":{"rendered":"DETENIDO LIDER RELIGIOSO ACUSADO DE ABUSO SEXUAL"},"content":{"rendered":"\n<figure class=\"wp-block-image size-large\"><img loading=\"lazy\" decoding=\"async\" width=\"677\" height=\"1024\" src=\"https:\/\/artefactonoticias.com\/wp-content\/uploads\/2023\/04\/IMG-20230415-WA0043-1-677x1024.jpg\" alt=\"\" class=\"wp-image-28\" srcset=\"https:\/\/artefactonoticias.com\/wp-content\/uploads\/2023\/04\/IMG-20230415-WA0043-1-677x1024.jpg 677w, https:\/\/artefactonoticias.com\/wp-content\/uploads\/2023\/04\/IMG-20230415-WA0043-1-198x300.jpg 198w, https:\/\/artefactonoticias.com\/wp-content\/uploads\/2023\/04\/IMG-20230415-WA0043-1-768x1161.jpg 768w, https:\/\/artefactonoticias.com\/wp-content\/uploads\/2023\/04\/IMG-20230415-WA0043-1.jpg 815w\" sizes=\"auto, (max-width: 677px) 100vw, 677px\" \/><\/figure>\n\n\n\n<p><\/p>\n\n\n\n<p>\u2022Fue detenido en la ciudad de Acaponeta, Nayarit.<\/p>\n\n\n\n<p><em>MEXICALI, BAJA CALIFORNIA, A 15 DE ABRIL DE 2023<\/em>.-&nbsp; La Fiscal\u00eda General del Estado reafirma su fortaleza en inteligencia para brindar seguridad y protecci\u00f3n a la ciudadan\u00eda, as\u00ed como su determinaci\u00f3n para combatir a criminales y agresores de inocentes v\u00edctimas, por ello, la Agencia Estatal de Investigaci\u00f3n (AEI), rastre\u00f3 y localiz\u00f3 a un l\u00edder religioso que estaba sustra\u00eddo de la justicia, investigado por se\u00f1alamientos en delitos de violaci\u00f3n y abuso sexual.<\/p>\n\n\n\n<p>Con estrategia y un operativo de inteligencia, efectuado por Agentes Estatales de Investigaci\u00f3n de la FGE, se obtuvo la captura de V\u00edctor Hugo \u201cN\u201d, quien se encontraba pr\u00f3fugo de la justicia y escondido en Acaponeta en el estado de Nayarit.<\/p>\n\n\n\n<p>Por lo anterior, el l\u00edder religioso V\u00edctor Hugo \u201cN\u201d, quien cuenta con 10 denuncias por delitos sexuales, ser\u00e1 presentado ante el Juez de Control.<\/p>\n\n\n\n<p><\/p>\n","protected":false},"excerpt":{"rendered":"<p>\u2022Fue detenido en la ciudad de Acaponeta, Nayarit. MEXICALI, BAJA CALIFORNIA, A 15 DE ABRIL&#8230;<\/p>\n","protected":false},"author":2,"featured_media":0,"parent":0,"menu_order":0,"comment_status":"open","ping_status":"closed","template":"","meta":{"om_disable_all_campaigns":false,"_monsterinsights_skip_tracking":false,"_monsterinsights_sitenote_active":false,"_monsterinsights_sitenote_note":"","_monsterinsights_sitenote_category":0,"footnotes":""},"class_list":["post-29","page","type-page","status-publish","hentry"],"aioseo_notices":[],"jetpack_sharing_enabled":true,"_links":{"self":[{"href":"https:\/\/artefactonoticias.com\/index.php\/wp-json\/wp\/v2\/pages\/29","targetHints":{"allow":["GET"]}}],"collection":[{"href":"https:\/\/artefactonoticias.com\/index.php\/wp-json\/wp\/v2\/pages"}],"about":[{"href":"https:\/\/artefactonoticias.com\/index.php\/wp-json\/wp\/v2\/types\/page"}],"author":[{"embeddable":true,"href":"https:\/\/artefactonoticias.com\/index.php\/wp-json\/wp\/v2\/users\/2"}],"replies":[{"embeddable":true,"href":"https:\/\/artefactonoticias.com\/index.php\/wp-json\/wp\/v2\/comments?post=29"}],"version-history":[{"count":1,"href":"https:\/\/artefactonoticias.com\/index.php\/wp-json\/wp\/v2\/pages\/29\/revisions"}],"predecessor-version":[{"id":30,"href":"https:\/\/artefactonoticias.com\/index.php\/wp-json\/wp\/v2\/pages\/29\/revisions\/30"}],"wp:attachment":[{"href":"https:\/\/artefactonoticias.com\/index.php\/wp-json\/wp\/v2\/media?parent=29"}],"curies":[{"name":"wp","href":"https:\/\/api.w.org\/{rel}","templated":true}]}}